{"id":9,"date":"2007-10-17T18:50:24","date_gmt":"2007-10-17T16:50:24","guid":{"rendered":"http:\/\/physiologie.envt.fr\/masterpharmaco\/ressources-communes-aux-parcours-du-master\/"},"modified":"2017-06-07T15:08:17","modified_gmt":"2017-06-07T13:08:17","slug":"ressources-communes-aux-parcours-du-master","status":"publish","type":"page","link":"https:\/\/physiologie.envt.fr\/masterpharmaco\/ressources-communes-aux-parcours-du-master\/","title":{"rendered":"Ressources communes aux parcours du master"},"content":{"rendered":"<p><strong>Recherche documentaire<\/strong><br \/>\n<a href=\"http:\/\/www.ncbi.nlm.nih.gov\/sites\/entrez\"><strong>PubMed<\/strong><\/a> : la base de donn\u00e9es bibliographiques pour les sciences du vivant<br \/>\n<strong>Liens vers des sites institutionnels<\/strong><br \/>\n<a href=\"http:\/\/ansm.sante.fr\"><strong>ANSM<\/strong>: Agence Nationale de S\u00e9curit\u00e9 du M\u00e9dicament et des Produits de Sant\u00e9 <\/a><br \/>\n<a href=\"https:\/\/www.anses.fr\/fr\"><strong>ANSES<\/strong>: Agence Nationale de S\u00e9curit\u00e9 Sanitaire de l&rsquo;alimentation, de l&rsquo;environnement et du travail <\/a><br \/>\n<a href=\"http:\/\/www.ema.europa.eu\/ema\/\"><strong>EMA<\/strong>: European Medicines Agency <\/a><br \/>\n<a href=\"http:\/\/www.fda.gov\/\"><strong>FDA<\/strong>: Food and Drug Administration (FDA)<\/a><\/p>\n","protected":false},"excerpt":{"rendered":"<p>Recherche documentaire PubMed : la base de donn\u00e9es bibliographiques pour les sciences du vivant Liens vers des sites institutionnels ANSM: Agence Nationale de S\u00e9curit\u00e9 du M\u00e9dicament et des Produits de Sant\u00e9 ANSES: Agence Nationale de S\u00e9curit\u00e9 Sanitaire de l&rsquo;alimentation, de &hellip; <a href=\"https:\/\/physiologie.envt.fr\/masterpharmaco\/ressources-communes-aux-parcours-du-master\/\">Continuer la lecture <span class=\"meta-nav\">&rarr;<\/span><\/a><\/p>\n","protected":false},"author":1,"featured_media":0,"parent":0,"menu_order":0,"comment_status":"closed","ping_status":"closed","template":"","meta":{"footnotes":""},"class_list":["post-9","page","type-page","status-publish","hentry"],"_links":{"self":[{"href":"https:\/\/physiologie.envt.fr\/masterpharmaco\/wp-json\/wp\/v2\/pages\/9","targetHints":{"allow":["GET"]}}],"collection":[{"href":"https:\/\/physiologie.envt.fr\/masterpharmaco\/wp-json\/wp\/v2\/pages"}],"about":[{"href":"https:\/\/physiologie.envt.fr\/masterpharmaco\/wp-json\/wp\/v2\/types\/page"}],"author":[{"embeddable":true,"href":"https:\/\/physiologie.envt.fr\/masterpharmaco\/wp-json\/wp\/v2\/users\/1"}],"replies":[{"embeddable":true,"href":"https:\/\/physiologie.envt.fr\/masterpharmaco\/wp-json\/wp\/v2\/comments?post=9"}],"version-history":[{"count":0,"href":"https:\/\/physiologie.envt.fr\/masterpharmaco\/wp-json\/wp\/v2\/pages\/9\/revisions"}],"wp:attachment":[{"href":"https:\/\/physiologie.envt.fr\/masterpharmaco\/wp-json\/wp\/v2\/media?parent=9"}],"curies":[{"name":"wp","href":"https:\/\/api.w.org\/{rel}","templated":true}]}}