{"id":7,"date":"2007-10-13T15:53:58","date_gmt":"2007-10-13T13:53:58","guid":{"rendered":"http:\/\/physiologie.envt.fr\/masterpharmaco\/edito\/"},"modified":"2019-09-09T07:14:51","modified_gmt":"2019-09-09T05:14:51","slug":"edito","status":"publish","type":"page","link":"https:\/\/physiologie.envt.fr\/masterpharmaco\/","title":{"rendered":"Edito"},"content":{"rendered":"<p>Bienvenue sur le site web du <strong>Master 2 Professionnel \u00ab\u00a0Pharmacologie et M\u00e9tiers du M\u00e9dicament\u00a0\u00bb<\/strong>.<br \/>\nVous trouverez sur ce site :<\/p>\n<p><a title=\"Objectifs du Master\" href=\"https:\/\/physiologie.envt.fr\/masterpharmaco\/objectifs-du-master\/\">Les objectifs du Master<\/a><br \/>\n<a title=\"Organisation et contenus des enseignements\" href=\"https:\/\/physiologie.envt.fr\/masterpharmaco\/organisation-et-contenus-des-enseignements\/\"> L&rsquo;organisation et les contenus des enseignements<\/a><br \/>\n<a title=\"Ressources p\u00e9dagogiques et scientifiques\" href=\"https:\/\/physiologie.envt.fr\/masterpharmaco\/ressources-pedagogiques-et-scientifiques\/\"> des ressources p\u00e9dagogiques et scientifiques<\/a> (articles, logiciels, liens &#8230;)<br \/>\n<a title=\"Renseignements pratiques\" href=\"https:\/\/physiologie.envt.fr\/masterpharmaco\/renseignements-pratiques\/\"> des renseignements pratiques<\/a> (localisation des sites d&rsquo;enseignement, examens, annales &#8230;)<\/p>\n<p>Des rubriques sont r\u00e9serv\u00e9es aux \u00e9tudiants du Master :<\/p>\n<p>le calendrier des enseignements pour l&rsquo;ann\u00e9e 2019-2020<\/p>\n<p>les supports p\u00e9dagogiques des enseignements (diaporamas des cours, documents polycopi\u00e9s &#8230;)<\/p>\n<p>des offres de stage pour le premier semestre 2020<\/p>\n<p><em>Pour nous joindre par t\u00e9l\u00e9phone ou courriel<\/em><br \/>\n<em>Christine Br\u00e9fel-Courbon<\/em><br \/>\nT\u00e9l\u00e9phone : +33 (0)5 61 14 59 62<br \/>\nAdresse e-mail : <a href=\"christine.brefel-courbon@univ-tlse3.fr\">christine.brefel-courbon@univ-tlse3.fr<\/a><\/p>\n<p><em>Alain Bousquet-M\u00e9lou<\/em><br \/>\nT\u00e9l\u00e9phone : +33 (0)5 61 19 39 25<br \/>\nFax : +33 (0)5 61 19 39 17<br \/>\nAdresse e-mail : <a href=\"a.bousquet-melou@envt.fr\">a.bousquet-melou@envt.fr<\/a><\/p>\n<p><em>Etienne Chatelut<\/em><br \/>\nT\u00e9l\u00e9phone : +33 (0)5 31 15 52 50<br \/>\nAdresse e-mail : <a href=\"chatelut.etienne@iuct-oncopole.fr\">chatelut.etienne@iuct-oncopole.fr<\/a><\/p>\n","protected":false},"excerpt":{"rendered":"<p>Bienvenue sur le site web du Master 2 Professionnel \u00ab\u00a0Pharmacologie et M\u00e9tiers du M\u00e9dicament\u00a0\u00bb. Vous trouverez sur ce site : Les objectifs du Master L&rsquo;organisation et les contenus des enseignements des ressources p\u00e9dagogiques et scientifiques (articles, logiciels, liens &#8230;) des &hellip; <a href=\"https:\/\/physiologie.envt.fr\/masterpharmaco\/\">Continuer la lecture <span class=\"meta-nav\">&rarr;<\/span><\/a><\/p>\n","protected":false},"author":1,"featured_media":0,"parent":0,"menu_order":0,"comment_status":"closed","ping_status":"closed","template":"","meta":{"footnotes":""},"class_list":["post-7","page","type-page","status-publish","hentry"],"_links":{"self":[{"href":"https:\/\/physiologie.envt.fr\/masterpharmaco\/wp-json\/wp\/v2\/pages\/7","targetHints":{"allow":["GET"]}}],"collection":[{"href":"https:\/\/physiologie.envt.fr\/masterpharmaco\/wp-json\/wp\/v2\/pages"}],"about":[{"href":"https:\/\/physiologie.envt.fr\/masterpharmaco\/wp-json\/wp\/v2\/types\/page"}],"author":[{"embeddable":true,"href":"https:\/\/physiologie.envt.fr\/masterpharmaco\/wp-json\/wp\/v2\/users\/1"}],"replies":[{"embeddable":true,"href":"https:\/\/physiologie.envt.fr\/masterpharmaco\/wp-json\/wp\/v2\/comments?post=7"}],"version-history":[{"count":5,"href":"https:\/\/physiologie.envt.fr\/masterpharmaco\/wp-json\/wp\/v2\/pages\/7\/revisions"}],"predecessor-version":[{"id":804,"href":"https:\/\/physiologie.envt.fr\/masterpharmaco\/wp-json\/wp\/v2\/pages\/7\/revisions\/804"}],"wp:attachment":[{"href":"https:\/\/physiologie.envt.fr\/masterpharmaco\/wp-json\/wp\/v2\/media?parent=7"}],"curies":[{"name":"wp","href":"https:\/\/api.w.org\/{rel}","templated":true}]}}