{"id":66,"date":"2017-06-02T13:58:39","date_gmt":"2017-06-02T11:58:39","guid":{"rendered":"http:\/\/physiologie.envt.fr\/masterpharmaco\/?page_id=66"},"modified":"2017-06-07T14:59:08","modified_gmt":"2017-06-07T12:59:08","slug":"ecole-nationale-veterinaire-de-toulouse","status":"publish","type":"page","link":"https:\/\/physiologie.envt.fr\/masterpharmaco\/ecole-nationale-veterinaire-de-toulouse\/","title":{"rendered":"Ecole Nationale V\u00e9t\u00e9rinaire de Toulouse"},"content":{"rendered":"<div>Pour se rendre \u00e0 l&rsquo;Ecole Nationale V\u00e9t\u00e9rinaire de Toulouse<\/div>\n<ul>\n<li><a href=\"http:\/\/www.envt.fr\/node\/24\">Plan d&rsquo;acc\u00e8s au site<\/a><br \/>\n<a title=\"Comment se rendre \u00c3\u00a0 l\u2019ENVT\" href=\"https:\/\/physiologie.envt.fr\/masterpharmaco\/comment-se-rendre-a-lenvt\/\">D\u00e9terminez votre itin\u00e9raire avec GoogleMap<\/a><\/li>\n<\/ul>\n<div>Pour les cours qui ont lieu \u00e0 l&rsquo;ENVT, rendez-vous au b\u00e2timent du service de <strong>Physiologie (bat. 8.1)<\/strong>.<\/div>\n<ul>\n<li><a href=\"http:\/\/www.envt.fr\/node\/220\">Plan du site<\/a><\/li>\n<\/ul>\n","protected":false},"excerpt":{"rendered":"<p>Pour se rendre \u00e0 l&rsquo;Ecole Nationale V\u00e9t\u00e9rinaire de Toulouse Plan d&rsquo;acc\u00e8s au site D\u00e9terminez votre itin\u00e9raire avec GoogleMap Pour les cours qui ont lieu \u00e0 l&rsquo;ENVT, rendez-vous au b\u00e2timent du service de Physiologie (bat. 8.1). Plan du site<\/p>\n","protected":false},"author":1,"featured_media":0,"parent":0,"menu_order":0,"comment_status":"closed","ping_status":"closed","template":"","meta":{"footnotes":""},"class_list":["post-66","page","type-page","status-publish","hentry"],"_links":{"self":[{"href":"https:\/\/physiologie.envt.fr\/masterpharmaco\/wp-json\/wp\/v2\/pages\/66","targetHints":{"allow":["GET"]}}],"collection":[{"href":"https:\/\/physiologie.envt.fr\/masterpharmaco\/wp-json\/wp\/v2\/pages"}],"about":[{"href":"https:\/\/physiologie.envt.fr\/masterpharmaco\/wp-json\/wp\/v2\/types\/page"}],"author":[{"embeddable":true,"href":"https:\/\/physiologie.envt.fr\/masterpharmaco\/wp-json\/wp\/v2\/users\/1"}],"replies":[{"embeddable":true,"href":"https:\/\/physiologie.envt.fr\/masterpharmaco\/wp-json\/wp\/v2\/comments?post=66"}],"version-history":[{"count":0,"href":"https:\/\/physiologie.envt.fr\/masterpharmaco\/wp-json\/wp\/v2\/pages\/66\/revisions"}],"wp:attachment":[{"href":"https:\/\/physiologie.envt.fr\/masterpharmaco\/wp-json\/wp\/v2\/media?parent=66"}],"curies":[{"name":"wp","href":"https:\/\/api.w.org\/{rel}","templated":true}]}}