{"id":62,"date":"2017-06-02T13:57:40","date_gmt":"2017-06-02T11:57:40","guid":{"rendered":"http:\/\/physiologie.envt.fr\/masterpharmaco\/?page_id=62"},"modified":"2017-06-07T14:40:50","modified_gmt":"2017-06-07T12:40:50","slug":"organisation-et-contenus-des-enseignements","status":"publish","type":"page","link":"https:\/\/physiologie.envt.fr\/masterpharmaco\/organisation-et-contenus-des-enseignements\/","title":{"rendered":"Organisation et contenus des enseignements"},"content":{"rendered":"<div>L&rsquo;enseignement se compose de 3 UE obligatoires et de 6 UE optionnelles, dont la combinaison permet de valider deux parcours distincts :<\/div>\n<div>\u2014\u00a0un parcours <strong>Essais cliniques, pharmacovigilance et pharmaco\u00e9pid\u00e9miologie<\/strong><\/div>\n<div>\u2014\u00a0un parcours <strong>Pharmacocin\u00e9tique, pharmacodynamie, mod\u00e9lisation<\/strong><\/div>\n<div>Un parcours n\u00e9cessite la validation de 30 ECTS :<br \/>\n\u2014\u00a0les 3 UE obligatoires pour un total de 9 ECTS<br \/>\n\u2014\u00a03 ou 4 UE optionnelles pour un total de 21 ECTS.<\/div>\n<div><\/div>\n<div style=\"text-align: center;\"><strong>Semestre 9<\/strong><\/div>\n<div style=\"text-align: center;\"><\/div>\n<ul>\n<li>\u00a0<strong><a title=\"Organisation des parcours\" href=\"https:\/\/physiologie.envt.fr\/masterpharmaco\/organisation-des-parcours\/\">Organisation des parcours<\/a><\/strong><\/li>\n<li>\u00a0<strong><a title=\"Contenus des UE obligatoires\" href=\"https:\/\/physiologie.envt.fr\/masterpharmaco\/contenus-des-ue-obligatoires\/\">Contenus des 3 UE obligatoires<\/a><\/strong><\/li>\n<li>\u00a0<strong><a title=\"Contenus des UE optionnelles\" href=\"https:\/\/physiologie.envt.fr\/masterpharmaco\/contenus-des-ue-optionnelles\/\">Contenus des 6 UE optionnelles<\/a><\/strong><\/li>\n<\/ul>\n<div style=\"text-align: center;\"><strong>Semestre 10<\/strong><\/div>\n<ul>\n<li style=\"text-align: left;\">Stage de 6 mois<\/li>\n<\/ul>\n<div><\/div>\n","protected":false},"excerpt":{"rendered":"<p>L&rsquo;enseignement se compose de 3 UE obligatoires et de 6 UE optionnelles, dont la combinaison permet de valider deux parcours distincts : \u2014\u00a0un parcours Essais cliniques, pharmacovigilance et pharmaco\u00e9pid\u00e9miologie \u2014\u00a0un parcours Pharmacocin\u00e9tique, pharmacodynamie, mod\u00e9lisation Un parcours n\u00e9cessite la validation de &hellip; <a href=\"https:\/\/physiologie.envt.fr\/masterpharmaco\/organisation-et-contenus-des-enseignements\/\">Continuer la lecture <span class=\"meta-nav\">&rarr;<\/span><\/a><\/p>\n","protected":false},"author":1,"featured_media":0,"parent":0,"menu_order":0,"comment_status":"closed","ping_status":"closed","template":"","meta":{"footnotes":""},"class_list":["post-62","page","type-page","status-publish","hentry"],"_links":{"self":[{"href":"https:\/\/physiologie.envt.fr\/masterpharmaco\/wp-json\/wp\/v2\/pages\/62","targetHints":{"allow":["GET"]}}],"collection":[{"href":"https:\/\/physiologie.envt.fr\/masterpharmaco\/wp-json\/wp\/v2\/pages"}],"about":[{"href":"https:\/\/physiologie.envt.fr\/masterpharmaco\/wp-json\/wp\/v2\/types\/page"}],"author":[{"embeddable":true,"href":"https:\/\/physiologie.envt.fr\/masterpharmaco\/wp-json\/wp\/v2\/users\/1"}],"replies":[{"embeddable":true,"href":"https:\/\/physiologie.envt.fr\/masterpharmaco\/wp-json\/wp\/v2\/comments?post=62"}],"version-history":[{"count":0,"href":"https:\/\/physiologie.envt.fr\/masterpharmaco\/wp-json\/wp\/v2\/pages\/62\/revisions"}],"wp:attachment":[{"href":"https:\/\/physiologie.envt.fr\/masterpharmaco\/wp-json\/wp\/v2\/media?parent=62"}],"curies":[{"name":"wp","href":"https:\/\/api.w.org\/{rel}","templated":true}]}}