{"id":58,"date":"2017-06-02T13:56:28","date_gmt":"2017-06-02T11:56:28","guid":{"rendered":"http:\/\/physiologie.envt.fr\/masterpharmaco\/?page_id=58"},"modified":"2018-06-11T09:18:23","modified_gmt":"2018-06-11T07:18:23","slug":"objectifs-du-master","status":"publish","type":"page","link":"https:\/\/physiologie.envt.fr\/masterpharmaco\/objectifs-du-master\/","title":{"rendered":"Objectifs du Master"},"content":{"rendered":"<div>L\u2019objectif de cet enseignement est de dispenser les connaissances n\u00e9cessaires dans le domaine du d\u00e9veloppement des m\u00e9dicaments afin de pouvoir int\u00e9grer des Unit\u00e9s de <strong>pharmacocin\u00e9tique et mod\u00e9lisation<\/strong>, de <strong>d\u00e9veloppement clinique<\/strong> ou de <strong>pharmacovigilance et pharmaco\u00e9pid\u00e9miologie<\/strong>.<\/div>\n<div><\/div>\n<div>Cette formation se base sur les comp\u00e9tences et forces scientifiques pr\u00e9sentes sur les diff\u00e9rents sites de recherche publics ou priv\u00e9s de Midi-Pyr\u00e9n\u00e9es et sur une forte implication des partenaires industriels tant au niveau de l\u2019enseignement th\u00e9orique que pratique.<\/div>\n<div><\/div>\n<div>Les enseignements ont pour but d\u2019achever la formation dans les domaines\u00a0 de la <em>pharmacocin\u00e9tique<\/em>, de la <em>m\u00e9thodologie des investigations cliniques<\/em>, des <em>nouvelles approches th\u00e9rapeutiques<\/em>, des <em>biostatistiques<\/em>. Un stage en entreprise sur un projet d\u00e9fini en commun avec l\u2019\u00e9tudiant, le ma\u00eetre de stage et le responsable de la formation, pouvant se d\u00e9rouler en France comme \u00e0 l\u2019\u00e9tranger, permettra une immersion r\u00e9elle de l\u2019\u00e9tudiant dans le milieu industriel, de la petite entreprise au grand groupe international. Cette formation doit constituer une interface entre les mondes universitaires et professionnels : industrie pharmaceutique (dans les domaines de la m\u00e9decine humaine et v\u00e9t\u00e9rinaire), prestataires dans le domaine du D\u00e9veloppement Clinique, agences d\u2019enregistrement fran\u00e7aises et europ\u00e9ennes.<\/div>\n<div><\/div>\n<div>Les \u00e9tudiants gr\u00e2ce \u00e0 cette formation th\u00e9orique compl\u00e9t\u00e9e d\u2019un stage en entreprise, devront pouvoir int\u00e9grer des postes de Chef (Directeur) de projet clinique, Analyste en pharmacocin\u00e9tique, Pharmacovigilance, Pharmaco-\u00e9pid\u00e9miologie, Moniteurs d\u2019\u00e9tudes cliniques (Responsable d\u2019\u00e9tudes cliniques), Chef de Produit, Attach\u00e9 de Recherche Clinique, Affaires R\u00e9glementaires.<\/div>\n","protected":false},"excerpt":{"rendered":"<p>L\u2019objectif de cet enseignement est de dispenser les connaissances n\u00e9cessaires dans le domaine du d\u00e9veloppement des m\u00e9dicaments afin de pouvoir int\u00e9grer des Unit\u00e9s de pharmacocin\u00e9tique et mod\u00e9lisation, de d\u00e9veloppement clinique ou de pharmacovigilance et pharmaco\u00e9pid\u00e9miologie. Cette formation se base sur &hellip; <a href=\"https:\/\/physiologie.envt.fr\/masterpharmaco\/objectifs-du-master\/\">Continuer la lecture <span class=\"meta-nav\">&rarr;<\/span><\/a><\/p>\n","protected":false},"author":1,"featured_media":0,"parent":0,"menu_order":0,"comment_status":"closed","ping_status":"closed","template":"","meta":{"footnotes":""},"class_list":["post-58","page","type-page","status-publish","hentry"],"_links":{"self":[{"href":"https:\/\/physiologie.envt.fr\/masterpharmaco\/wp-json\/wp\/v2\/pages\/58","targetHints":{"allow":["GET"]}}],"collection":[{"href":"https:\/\/physiologie.envt.fr\/masterpharmaco\/wp-json\/wp\/v2\/pages"}],"about":[{"href":"https:\/\/physiologie.envt.fr\/masterpharmaco\/wp-json\/wp\/v2\/types\/page"}],"author":[{"embeddable":true,"href":"https:\/\/physiologie.envt.fr\/masterpharmaco\/wp-json\/wp\/v2\/users\/1"}],"replies":[{"embeddable":true,"href":"https:\/\/physiologie.envt.fr\/masterpharmaco\/wp-json\/wp\/v2\/comments?post=58"}],"version-history":[{"count":1,"href":"https:\/\/physiologie.envt.fr\/masterpharmaco\/wp-json\/wp\/v2\/pages\/58\/revisions"}],"predecessor-version":[{"id":480,"href":"https:\/\/physiologie.envt.fr\/masterpharmaco\/wp-json\/wp\/v2\/pages\/58\/revisions\/480"}],"wp:attachment":[{"href":"https:\/\/physiologie.envt.fr\/masterpharmaco\/wp-json\/wp\/v2\/media?parent=58"}],"curies":[{"name":"wp","href":"https:\/\/api.w.org\/{rel}","templated":true}]}}