{"id":24,"date":"2008-11-17T21:34:00","date_gmt":"2008-11-17T20:34:00","guid":{"rendered":"http:\/\/physiologie.envt.fr\/masterpharmaco\/organisation-des-parcours\/"},"modified":"2017-06-07T14:49:59","modified_gmt":"2017-06-07T12:49:59","slug":"organisation-des-parcours","status":"publish","type":"page","link":"https:\/\/physiologie.envt.fr\/masterpharmaco\/organisation-des-parcours\/","title":{"rendered":"Organisation des parcours"},"content":{"rendered":"<ul>\n<li>Le parcours <strong><span style=\"color: blue;\">Essais cliniques, pharmacovigilance et pharmaco\u00e9pid\u00e9miologie<\/span><\/strong> n\u00e9cessite la validation des 3 UE obligatoires <strong>UE 1, UE 2, UE 3<\/strong> et des UE optionnelles <strong>O3, O4, O5, O6<\/strong><\/li>\n<\/ul>\n<ul>\n<li>Le parcours <strong><span style=\"color: blue;\">Pharmacocin\u00e9tique, pharmacodynamie, mod\u00e9lisation<\/span><\/strong> n\u00e9cessite la validation des 3 UE obligatoires <strong>UE 1, UE 2, UE 3<\/strong> et des UE optionnelles <strong>O1, O2, O3<\/strong><\/li>\n<\/ul>\n<p><img loading=\"lazy\" decoding=\"async\" class=\"aligncenter wp-image-96 size-large\" src=\"https:\/\/physiologie.envt.fr\/masterpharmaco\/wp-content\/uploads\/2008\/11\/Calendrier-1024x551.jpg\" alt=\"\" width=\"640\" height=\"344\" srcset=\"https:\/\/physiologie.envt.fr\/masterpharmaco\/wp-content\/uploads\/2008\/11\/Calendrier-1024x551.jpg 1024w, https:\/\/physiologie.envt.fr\/masterpharmaco\/wp-content\/uploads\/2008\/11\/Calendrier-300x161.jpg 300w, https:\/\/physiologie.envt.fr\/masterpharmaco\/wp-content\/uploads\/2008\/11\/Calendrier-768x413.jpg 768w, https:\/\/physiologie.envt.fr\/masterpharmaco\/wp-content\/uploads\/2008\/11\/Calendrier.jpg 1433w\" sizes=\"auto, (max-width: 640px) 100vw, 640px\" \/><\/p>\n","protected":false},"excerpt":{"rendered":"<p>Le parcours Essais cliniques, pharmacovigilance et pharmaco\u00e9pid\u00e9miologie n\u00e9cessite la validation des 3 UE obligatoires UE 1, UE 2, UE 3 et des UE optionnelles O3, O4, O5, O6 Le parcours Pharmacocin\u00e9tique, pharmacodynamie, mod\u00e9lisation n\u00e9cessite la validation des 3 UE obligatoires &hellip; <a href=\"https:\/\/physiologie.envt.fr\/masterpharmaco\/organisation-des-parcours\/\">Continuer la lecture <span class=\"meta-nav\">&rarr;<\/span><\/a><\/p>\n","protected":false},"author":1,"featured_media":0,"parent":0,"menu_order":0,"comment_status":"closed","ping_status":"closed","template":"","meta":{"footnotes":""},"class_list":["post-24","page","type-page","status-publish","hentry"],"_links":{"self":[{"href":"https:\/\/physiologie.envt.fr\/masterpharmaco\/wp-json\/wp\/v2\/pages\/24","targetHints":{"allow":["GET"]}}],"collection":[{"href":"https:\/\/physiologie.envt.fr\/masterpharmaco\/wp-json\/wp\/v2\/pages"}],"about":[{"href":"https:\/\/physiologie.envt.fr\/masterpharmaco\/wp-json\/wp\/v2\/types\/page"}],"author":[{"embeddable":true,"href":"https:\/\/physiologie.envt.fr\/masterpharmaco\/wp-json\/wp\/v2\/users\/1"}],"replies":[{"embeddable":true,"href":"https:\/\/physiologie.envt.fr\/masterpharmaco\/wp-json\/wp\/v2\/comments?post=24"}],"version-history":[{"count":0,"href":"https:\/\/physiologie.envt.fr\/masterpharmaco\/wp-json\/wp\/v2\/pages\/24\/revisions"}],"wp:attachment":[{"href":"https:\/\/physiologie.envt.fr\/masterpharmaco\/wp-json\/wp\/v2\/media?parent=24"}],"curies":[{"name":"wp","href":"https:\/\/api.w.org\/{rel}","templated":true}]}}