{"id":23,"date":"2008-01-13T12:29:27","date_gmt":"2008-01-13T11:29:27","guid":{"rendered":"http:\/\/physiologie.envt.fr\/masterpharmaco\/annales\/"},"modified":"2022-01-14T08:31:54","modified_gmt":"2022-01-14T07:31:54","slug":"annales","status":"publish","type":"page","link":"https:\/\/physiologie.envt.fr\/masterpharmaco\/annales\/","title":{"rendered":"Annales"},"content":{"rendered":"\n<p>\u00e9nonc\u00e9 exam UEO3 2020-21 avec Correction question B<a href=\"https:\/\/physiologie.envt.fr\/masterpharmaco\/wp-content\/uploads\/2022\/01\/enonceO3jan2021correctionQB.docx\">enonc\u00e9O3jan2021correctionQB<\/a><\/p>\n<p>correction exo PK UE Base<a href=\"https:\/\/physiologie.envt.fr\/masterpharmaco\/wp-content\/uploads\/2022\/01\/correction-Question-PK-UE-Base-6-Decembre-2021.docx\">correction Question PK UE Base 6 D\u00e9cembre 2021<\/a><\/p>\n\n\n<p>\u00e9nonc\u00e9s des \u00e9preuves de la fili\u00e8re essais Cliniques 2016-17:<\/p>\n<p><a href=\"https:\/\/physiologie.envt.fr\/masterpharmaco\/wp-content\/uploads\/2018\/01\/UE-aspects-reglement-O7-sujet-2017.doc\">UE aspects reglement O7 sujet 2017<\/a> <a href=\"https:\/\/physiologie.envt.fr\/masterpharmaco\/wp-content\/uploads\/2018\/01\/UE-essais-cliniques-avanc\u00e9-O3-sujet-2017.doc\">UE essais cliniques avanc\u00e9 O3 sujet 2017<\/a> <a href=\"https:\/\/physiologie.envt.fr\/masterpharmaco\/wp-content\/uploads\/2018\/01\/UE-essais-cliniques-O9-sujet-2017.doc\">UE essais cliniques O9 sujet 2017<\/a> <a href=\"https:\/\/physiologie.envt.fr\/masterpharmaco\/wp-content\/uploads\/2018\/01\/UE-dev-clin-dun-med-O5-sujet-2017.doc\">UE dev clin d&rsquo;un med O5 sujet 2017<\/a><\/p>\n<p>\u00e9nonc\u00e9 essais cliniques avanc\u00e9s 2018-19<a href=\"https:\/\/physiologie.envt.fr\/masterpharmaco\/wp-content\/uploads\/2019\/09\/ExamO3_2018-19.docx\">ExamO3_2018-19<\/a><\/p>\n<p>\u00e9nonc\u00e9 de l&rsquo;examen UE base ann\u00e9e 2016-2017:\u00a0<strong><a href=\"https:\/\/physiologie.envt.fr\/masterpharmaco\/wp-content\/uploads\/2008\/01\/UE-base-sujet-2017.doc\">UE base sujet 2017<\/a><\/strong><\/p>\n<p>correction (succincte)<a href=\"https:\/\/physiologie.envt.fr\/masterpharmaco\/wp-content\/uploads\/2017\/12\/Corrig\u00e9-PK-Base-2016.docx\">Corrig\u00e9 PK Base 2016<\/a><\/p>\n<p>\u00e9nonc\u00e9 UE Base 2017-18<a href=\"https:\/\/physiologie.envt.fr\/masterpharmaco\/wp-content\/uploads\/2018\/11\/UE-base-sujet-2018.doc\">UE base sujet 2018<\/a>\u00a0et correction partie PK :<a href=\"https:\/\/physiologie.envt.fr\/masterpharmaco\/wp-content\/uploads\/2017\/12\/UE-baseCorrectionPK2018.doc\">UE baseCorrectionPK2018<\/a><\/p>\n<p>plus complet:<a href=\"https:\/\/physiologie.envt.fr\/masterpharmaco\/wp-content\/uploads\/2017\/12\/correctionIbrutinib.docx\">correctionIbrutinib<\/a><\/p>\n<p>\u00e9nonc\u00e9 PK UE Base 2018-19<a href=\"https:\/\/physiologie.envt.fr\/masterpharmaco\/wp-content\/uploads\/2019\/09\/basePKcorrectionPK.docx\">basePKcorrectionPK<\/a><\/p>\n<p>\u00e9nonc\u00e9 UE Base 2019-20 Question PK:<a href=\"https:\/\/physiologie.envt.fr\/masterpharmaco\/wp-content\/uploads\/2019\/12\/RCPosimertinib.docx\">RCPosimertinib<\/a><a href=\"https:\/\/physiologie.envt.fr\/masterpharmaco\/wp-content\/uploads\/2019\/12\/basePKr\u00e9ponses.docx\">basePKr\u00e9ponses Question PhcoEpid\u00e9mio<\/a><a href=\"https:\/\/physiologie.envt.fr\/masterpharmaco\/wp-content\/uploads\/2019\/12\/Pharmacoepidemio-Tronc-commun-decembre-2019.doc\">Pharmacoepidemio Tronc commun decembre 2019<\/a><\/p>\n<p><strong>Annales de l'\u00a0\u00bbancien\u00a0\u00bb M2pro:<\/strong><\/p>\n<p><strong>UE obligatoires<\/strong><\/p>\n<p><em>UE1<\/em><\/p>\n<ul>\n<li><a href=\"https:\/\/physiologie.envt.fr\/masterpharmaco\/wp-content\/uploads\/2008\/01\/ExamenUE1.doc\">2008<\/a>, <a href=\"https:\/\/physiologie.envt.fr\/masterpharmaco\/wp-content\/uploads\/2008\/01\/ExamenUE1janv09.doc\">2009<\/a>, <a href=\"https:\/\/physiologie.envt.fr\/masterpharmaco\/wp-content\/uploads\/2008\/01\/ExamenUE1janv10.doc\">2010<\/a>,\u00a0<a href=\"https:\/\/physiologie.envt.fr\/masterpharmaco\/wp-content\/uploads\/2008\/01\/ExamenUE1janv2011.doc\">2011<\/a>, 2012, <a href=\"https:\/\/physiologie.envt.fr\/masterpharmaco\/wp-content\/uploads\/2008\/01\/ExamenUE1-2.doc\">2013<\/a>, <a href=\"https:\/\/physiologie.envt.fr\/masterpharmaco\/wp-content\/uploads\/2008\/01\/M2_UE1sujetCDM.docx.zip\">2015<\/a><\/li>\n<\/ul>\n<p><em>UE2<\/em><\/p>\n<ul>\n<li><a href=\"https:\/\/physiologie.envt.fr\/masterpharmaco\/wp-content\/uploads\/2008\/01\/Examen_UE2_-_janv_2008.tif\">2008<\/a>, <img loading=\"lazy\" decoding=\"async\" class=\"alignnone size-medium wp-image-148\" src=\"https:\/\/physiologie.envt.fr\/masterpharmaco\/wp-content\/uploads\/2008\/01\/Examen_UE2_-_janv_2008.tif\" alt=\"\" width=\"1\" height=\"1\" \/><a href=\"https:\/\/physiologie.envt.fr\/masterpharmaco\/wp-content\/uploads\/2008\/01\/Examen_UE2_-_janv_2009.doc\">2009<\/a>, <a href=\"https:\/\/physiologie.envt.fr\/masterpharmaco\/wp-content\/uploads\/2008\/01\/Examen_UE2_-_janv_2010.doc\">2010<\/a>, <a href=\"https:\/\/physiologie.envt.fr\/masterpharmaco\/wp-content\/uploads\/2008\/01\/Examen_UE2_-_janv_2011.doc\">2011<\/a>, <a href=\"https:\/\/physiologie.envt.fr\/masterpharmaco\/wp-content\/uploads\/2008\/01\/Examen_UE2_-_janv_2012.doc\">2012<\/a>, <a href=\"https:\/\/physiologie.envt.fr\/masterpharmaco\/wp-content\/uploads\/2008\/01\/Examen_UE2_-_janv_2013.doc\">2013<\/a>, <a href=\"https:\/\/physiologie.envt.fr\/masterpharmaco\/wp-content\/uploads\/2008\/01\/Examen_UE2_2014.doc\">2014<\/a>, <a href=\"https:\/\/physiologie.envt.fr\/masterpharmaco\/wp-content\/uploads\/2008\/01\/Examen_UE2_jan2015.doc\">2015<\/a><\/li>\n<\/ul>\n<p><em>UE3<\/em><\/p>\n<ul>\n<li><a href=\"https:\/\/physiologie.envt.fr\/masterpharmaco\/wp-content\/uploads\/2008\/01\/examen_UE_3.doc\">2008<\/a><\/li>\n<\/ul>\n<p><strong>UE optionnelles<\/strong><\/p>\n<p><em>UEO1<\/em><\/p>\n<ul>\n<li><a href=\"https:\/\/physiologie.envt.fr\/masterpharmaco\/wp-content\/uploads\/2008\/01\/UE_O1_2008.pdf\">2008<\/a>, <a href=\"https:\/\/physiologie.envt.fr\/masterpharmaco\/wp-content\/uploads\/2008\/01\/UE_O1_2009.doc\">2009<\/a><\/li>\n<\/ul>\n<p><em>UEO2<\/em><\/p>\n<ul>\n<li><a href=\"https:\/\/physiologie.envt.fr\/masterpharmaco\/wp-content\/uploads\/2008\/01\/UE_O2_2008.pdf\">2008<\/a>, <a href=\"https:\/\/physiologie.envt.fr\/masterpharmaco\/wp-content\/uploads\/2008\/01\/UE_O2_2009.doc\">2009<\/a><\/li>\n<\/ul>\n<p><em>UEO3<\/em><\/p>\n<ul>\n<li><a href=\"https:\/\/physiologie.envt.fr\/masterpharmaco\/wp-content\/uploads\/2008\/01\/Examen_O3.doc\">2008<\/a><\/li>\n<\/ul>\n<p><em>UEO4<\/em><\/p>\n<ul>\n<li><a href=\"https:\/\/physiologie.envt.fr\/masterpharmaco\/wp-content\/uploads\/2008\/01\/Examen_O4.doc\">2008<\/a><\/li>\n<\/ul>\n<p><em>UEO5<\/em><\/p>\n<ul>\n<li><a href=\"https:\/\/physiologie.envt.fr\/masterpharmaco\/wp-content\/uploads\/2008\/01\/ExamenUEo5.doc\">2008<\/a>, <a href=\"https:\/\/physiologie.envt.fr\/masterpharmaco\/wp-content\/uploads\/2008\/01\/ExamenUEo52008-09.doc\">2009<\/a>, <a href=\"https:\/\/physiologie.envt.fr\/masterpharmaco\/wp-content\/uploads\/2008\/01\/ExamenUEo52009-10.doc\">2010<\/a>, <a href=\"https:\/\/physiologie.envt.fr\/masterpharmaco\/wp-content\/uploads\/2008\/01\/examAlzheimer.pdf\">2010:article<\/a>, <a href=\"https:\/\/physiologie.envt.fr\/masterpharmaco\/wp-content\/uploads\/2008\/01\/examUEO5.doc\">2011<\/a>, <a href=\"https:\/\/physiologie.envt.fr\/masterpharmaco\/wp-content\/uploads\/2008\/01\/examUEO5-2.doc\">2012<\/a>,\u00a0<a href=\"https:\/\/physiologie.envt.fr\/masterpharmaco\/wp-content\/uploads\/2008\/01\/examUEO5-2.doc\">2013<\/a>, <a href=\"https:\/\/physiologie.envt.fr\/masterpharmaco\/wp-content\/uploads\/2008\/01\/UEO5.pdf\">2015<\/a><\/li>\n<\/ul>\n<p><em>UEO6<\/em><\/p>\n<ul>\n<li><a href=\"https:\/\/physiologie.envt.fr\/masterpharmaco\/wp-content\/uploads\/2008\/01\/ExamenUEo6.doc\">2008<\/a>, <a href=\"https:\/\/physiologie.envt.fr\/masterpharmaco\/wp-content\/uploads\/2008\/01\/ExamenUEo6-2.doc\">2009<\/a>, <a href=\"https:\/\/physiologie.envt.fr\/masterpharmaco\/wp-content\/uploads\/2008\/01\/ExamenUEo62009-10.doc\">2010<\/a>, <a href=\"https:\/\/physiologie.envt.fr\/masterpharmaco\/wp-content\/uploads\/2008\/01\/ExamenUEO6janv2011.doc\">2011<\/a>, <a href=\"https:\/\/physiologie.envt.fr\/masterpharmaco\/wp-content\/uploads\/2008\/01\/examUEO6.doc\">2012<\/a>,\u00a0<a href=\"https:\/\/physiologie.envt.fr\/masterpharmaco\/wp-content\/uploads\/2008\/01\/examUEO6.doc\">2013<\/a>, <a href=\"https:\/\/physiologie.envt.fr\/masterpharmaco\/wp-content\/uploads\/2008\/01\/examUEO6-2.doc\">2015<\/a><\/li>\n<\/ul>\n<p><strong>Annales du Parcours D.U.<\/strong><\/p>\n<p><em>Epreuve Ecrit pratique<\/em><\/p>\n<ul>\n<li><a href=\"https:\/\/physiologie.envt.fr\/masterpharmaco\/wp-content\/uploads\/2008\/01\/ANNALES_1988.pdf\">1988<\/a>, <a href=\"https:\/\/physiologie.envt.fr\/masterpharmaco\/wp-content\/uploads\/2008\/01\/ANNALES_1989.pdf\">1989<\/a><\/li>\n<li><a href=\"https:\/\/physiologie.envt.fr\/masterpharmaco\/wp-content\/uploads\/2008\/01\/ANNALES_1990_Juin.pdf\">1990-1<\/a>, <a href=\"https:\/\/physiologie.envt.fr\/masterpharmaco\/wp-content\/uploads\/2008\/01\/ANNALES_1990_Sept.pdf\">1990-2<\/a>, <a href=\"https:\/\/physiologie.envt.fr\/masterpharmaco\/wp-content\/uploads\/2008\/01\/ANNALES_1992_Juin.pdf\">1992<\/a>, <a href=\"https:\/\/physiologie.envt.fr\/masterpharmaco\/wp-content\/uploads\/2008\/01\/ANNALES_1993.pdf\">1993<\/a>, <a href=\"https:\/\/physiologie.envt.fr\/masterpharmaco\/wp-content\/uploads\/2008\/01\/ANNALES_1994.pdf\">1994<\/a>, <a href=\"https:\/\/physiologie.envt.fr\/masterpharmaco\/wp-content\/uploads\/2008\/01\/ANNALES_1995.pdf\">1995<\/a>, <a href=\"https:\/\/physiologie.envt.fr\/masterpharmaco\/wp-content\/uploads\/2008\/01\/ANNALES_1996.pdf\">1996<\/a>, <a href=\"https:\/\/physiologie.envt.fr\/masterpharmaco\/wp-content\/uploads\/2008\/01\/ANNALES_1997_Juin.pdf\">1997-1<\/a>, <a href=\"https:\/\/physiologie.envt.fr\/masterpharmaco\/wp-content\/uploads\/2008\/01\/ANNALES_1997_Sept.pdf\">1997-2<\/a>, <a href=\"https:\/\/physiologie.envt.fr\/masterpharmaco\/wp-content\/uploads\/2008\/01\/ANNALES_1998_Juin.pdf\">1998-1<\/a>, <a href=\"https:\/\/physiologie.envt.fr\/masterpharmaco\/wp-content\/uploads\/2008\/01\/ANNALES_1998_Sept.pdf\">1998-2<\/a>, <a href=\"https:\/\/physiologie.envt.fr\/masterpharmaco\/wp-content\/uploads\/2008\/01\/ANNALES_1999_Juin.pdf\">1999-1<\/a>, <a href=\"https:\/\/physiologie.envt.fr\/masterpharmaco\/wp-content\/uploads\/2008\/01\/ANNALES_1999_Sept.pdf\">1999-2<\/a><\/li>\n<li><a href=\"https:\/\/physiologie.envt.fr\/masterpharmaco\/wp-content\/uploads\/2008\/01\/ANNALES_2000_Juin.pdf\">2000-1<\/a>, <a href=\"https:\/\/physiologie.envt.fr\/masterpharmaco\/wp-content\/uploads\/2008\/01\/ANNALES_2000_Sept.pdf\">2000-2<\/a>, <a href=\"https:\/\/physiologie.envt.fr\/masterpharmaco\/wp-content\/uploads\/2008\/01\/ANNALES_2001_Juin.pdf\">2001-1<\/a>, <a href=\"https:\/\/physiologie.envt.fr\/masterpharmaco\/wp-content\/uploads\/2008\/01\/ANNALES_2001_Sept.pdf\">2001-2<\/a>, <a href=\"https:\/\/physiologie.envt.fr\/masterpharmaco\/wp-content\/uploads\/2008\/01\/ANNALES_2003.pdf\">2003<\/a>, <a href=\"https:\/\/physiologie.envt.fr\/masterpharmaco\/wp-content\/uploads\/2008\/01\/ANNALES_2004_Juin.pdf\">2004-1<\/a>, <a href=\"https:\/\/physiologie.envt.fr\/masterpharmaco\/wp-content\/uploads\/2008\/01\/ANNALES_2004_Sept.pdf\">2004-2<\/a>, <a href=\"https:\/\/physiologie.envt.fr\/masterpharmaco\/wp-content\/uploads\/2008\/01\/ANNALES_2005.pdf\">2005<\/a>, <a href=\"https:\/\/physiologie.envt.fr\/masterpharmaco\/wp-content\/uploads\/2008\/01\/ANNALES_2006.pdf\">2006<\/a><\/li>\n<\/ul>","protected":false},"excerpt":{"rendered":"<p>\u00e9nonc\u00e9 exam UEO3 2020-21 avec Correction question Benonc\u00e9O3jan2021correctionQB correction exo PK UE Basecorrection Question PK UE Base 6 D\u00e9cembre 2021 \u00e9nonc\u00e9s des \u00e9preuves de la fili\u00e8re essais Cliniques 2016-17: UE aspects reglement O7 sujet 2017 UE essais cliniques avanc\u00e9 O3 &hellip; <a href=\"https:\/\/physiologie.envt.fr\/masterpharmaco\/annales\/\">Continuer la lecture <span class=\"meta-nav\">&rarr;<\/span><\/a><\/p>\n","protected":false},"author":1,"featured_media":0,"parent":0,"menu_order":0,"comment_status":"closed","ping_status":"closed","template":"","meta":{"footnotes":""},"class_list":["post-23","page","type-page","status-publish","hentry"],"_links":{"self":[{"href":"https:\/\/physiologie.envt.fr\/masterpharmaco\/wp-json\/wp\/v2\/pages\/23","targetHints":{"allow":["GET"]}}],"collection":[{"href":"https:\/\/physiologie.envt.fr\/masterpharmaco\/wp-json\/wp\/v2\/pages"}],"about":[{"href":"https:\/\/physiologie.envt.fr\/masterpharmaco\/wp-json\/wp\/v2\/types\/page"}],"author":[{"embeddable":true,"href":"https:\/\/physiologie.envt.fr\/masterpharmaco\/wp-json\/wp\/v2\/users\/1"}],"replies":[{"embeddable":true,"href":"https:\/\/physiologie.envt.fr\/masterpharmaco\/wp-json\/wp\/v2\/comments?post=23"}],"version-history":[{"count":4,"href":"https:\/\/physiologie.envt.fr\/masterpharmaco\/wp-json\/wp\/v2\/pages\/23\/revisions"}],"predecessor-version":[{"id":1307,"href":"https:\/\/physiologie.envt.fr\/masterpharmaco\/wp-json\/wp\/v2\/pages\/23\/revisions\/1307"}],"wp:attachment":[{"href":"https:\/\/physiologie.envt.fr\/masterpharmaco\/wp-json\/wp\/v2\/media?parent=23"}],"curies":[{"name":"wp","href":"https:\/\/api.w.org\/{rel}","templated":true}]}}