{"id":21,"date":"2007-12-27T18:11:56","date_gmt":"2007-12-27T17:11:56","guid":{"rendered":"http:\/\/physiologie.envt.fr\/masterpharmaco\/contenus-des-ue-optionnelles\/"},"modified":"2017-06-19T08:45:03","modified_gmt":"2017-06-19T06:45:03","slug":"contenus-des-ue-optionnelles","status":"publish","type":"page","link":"https:\/\/physiologie.envt.fr\/masterpharmaco\/contenus-des-ue-optionnelles\/","title":{"rendered":"Contenus des UE optionnelles"},"content":{"rendered":"<p><em>UE O1<\/em> : <strong>Mod\u00e9lisation en pharmacocin\u00e9tique<\/strong><br \/>\n\u2014\u00a076 h, 9 ECTS<br \/>\n\u2014\u00a0Validation analytique, Bonnes Pratiques de Laboratoire ; Validation analytique : courbe de calibration ;<br \/>\n\u2014\u00a0Math\u00e9matiques appliqu\u00e9es \u00e0 la pharmacocin\u00e9tique ; Introduction \u00e0 la mod\u00e9lisation ; Mod\u00e8les lin\u00e9aires ; La r\u00e9gression non-lin\u00e9aire ; Algorithmes et m\u00e9thodes d\u2019estimation ; Diagnostic et validation d\u2019une analyse<br \/>\n\u2014\u00a0Analyse compartimentale ; Analyse non-compartimentale ; Analyse pharmacocin\u00e9tique-pharmacodynamique<br \/>\n\u2014\u00a0Analyse pratique des donn\u00e9es pharmacocin\u00e9tiques et pharmacodynamiques sur WinNonlin, Kinetica, NONMEM<\/p>\n<p><em>UE O2<\/em> : <strong>Pharmacocin\u00e9tique appliqu\u00e9e<\/strong><br \/>\n\u2014\u00a044h, 6 ECTS<br \/>\n\u2014\u00a0D\u00e9veloppement pharmacocin\u00e9tique d\u2019un m\u00e9dicament ; Particularit\u00e9s du d\u00e9veloppement d\u2019un m\u00e9dicament v\u00e9t\u00e9rinaire ; M\u00e9thodes isotopiques et autoradiographiques ; Pharmacocin\u00e9tique des produits dopants et politique scientifique de lutte contre le dopage ; Pharmacocin\u00e9tique des esp\u00e8ces animales ; Fixation aux prot\u00e9ines plasmatiques ; Pharmacocin\u00e9tique de population appliqu\u00e9e au d\u00e9veloppement d\u2019un m\u00e9dicament ; Extrapolation <em>in vitro\/in vivo<\/em> des param\u00e8tres pharmacocin\u00e9tiques ; Adaptation de posologie des immunosuppresseurs ; Pharmacocin\u00e9tique en Oncologie ; Toxicocin\u00e9tique \u2013 mod\u00e8les physiologiques ; R\u00e9daction et pr\u00e9sentation d\u2019un protocole pharmacocin\u00e9tique<\/p>\n<p><em>UE O3<\/em> : <strong>M\u00e9thodologie des essais cliniques<\/strong><br \/>\n\u2014\u00a050 h, 6 ECTS<br \/>\n\u2014\u00a0Aspects m\u00e9thodologiques (Populations d\u2019Analyse ; Donn\u00e9es manquantes, analyse en sous groupe ; Metaanalyse, Effet placebo ; Diff\u00e9rents plan exp\u00e9rimentaux : Analyse s\u00e9quentielle et analyse interm\u00e9diaire )<br \/>\n\u2014\u00a0Statistiques des essais cliniques (calcul effectif, essai d&rsquo;\u00e9quivalence, mesures r\u00e9p\u00e9t\u00e9es&#8230;)<br \/>\n\u2014\u00a0Data management et cr\u00e9ation de base de donn\u00e9es<br \/>\n\u2014\u00a0Budget des essais cliniques et valorisation des r\u00e9sultats ;<br \/>\n\u2014\u00a0Assurances qualit\u00e9 et bonnes pratiques cliniques ;<br \/>\n\u2014\u00a0Aspects pharmaceutiques d\u2019un essai clinique en milieu hospitalier, gestion d\u2019un aveugle<br \/>\n\u2014\u00a0Minimisation du risque au cours d\u2019\u00e9tudes de phase I<br \/>\n\u2014\u00a0Transf\u00e9rabilit\u00e9 des \u00e9tudes \u00e9trang\u00e8res en France<br \/>\n\u2014\u00a0Difficult\u00e9es rencontr\u00e9es lors du d\u00e9veloppement d\u2019un m\u00e9dicament : point de vue de l\u2019industriel<br \/>\n\u2014\u00a0D\u00e9veloppement d\u2019un m\u00e9dicament v\u00e9t\u00e9rinaire<br \/>\n\u2014\u00a0Atelier de lecture critique \u00e0 partir de publications<\/p>\n<p><em>UE O4<\/em> : <strong>Phase IV<\/strong><br \/>\n\u2014\u00a045 h, 6 ECTS<br \/>\n\u2014\u00a0Pharmacovigilance : d\u00e9finition, m\u00e9canisme des effets ind\u00e9sirables, organisation, imputabilit\u00e9<br \/>\n\u2014\u00a0Documentation, sources de donn\u00e9es, base de donn\u00e9es de pharmacovigilance<br \/>\n\u2014\u00a0Evitabilit\u00e9<br \/>\n\u2014\u00a0Traitement de cas de pharmacovigilance (atelier) et Exemple d&rsquo;enqu\u00eates officielles de pharmacovigilance au CRPV<br \/>\n\u2014\u00a0Pharmacovigilance-Point de vue AFSSAPS<br \/>\n\u2014\u00a0Evaluation du risque chez la femme enceinte<br \/>\n\u2014\u00a0Pharmaco\u00e9pid\u00e9miologie ( Etudes d\u2019utilisation et base de donn\u00e9es )<br \/>\n\u2014\u00a0M\u00e9dicaments et sant\u00e9 publique (m\u00e9thodes, commissions)<br \/>\n\u2014\u00a0Pharmacod\u00e9pendance : aspects r\u00e9glementaires, m\u00e9thodes d\u2019\u00e9valuation,<\/p>\n<p><em>UE O5<\/em> : <strong>Essais cliniques en infectiologie, neuropsychiatrie<\/strong><br \/>\n\u2014\u00a035 h, 3 ECTS<br \/>\n\u2014\u00a0M\u00e9dicaments antipsychotiques ; M\u00e9dicaments antiparkinsoniens ; M\u00e9dicaments de la d\u00e9mence ; M\u00e9dicaments antid\u00e9presseurs ; M\u00e9dicaments antimigraineux<br \/>\n\u2014\u00a0Essais cliniques anti-VHC ; R\u00e9sistance aux antiviraux: concept, m\u00e9thodes de mesure, implications dans les essais cliniques ; D\u00e9veloppement clinique d\u2019un vaccin ; Essais cliniques appliqu\u00e9s aux traitement anti-VHC et VHB en transplantation ; Essais de strat\u00e9gie antir\u00e9trovirale ; Essais cliniques en dermatologie<\/p>\n<p><em>UE O6<\/em> : <strong>Essais cliniques en canc\u00e9rologie, cardiologie et nouvelles approches th\u00e9rapeutiques<\/strong><br \/>\n\u2014\u00a045 h, 6 ECTS<br \/>\n\u2014\u00a0Dyslipid\u00e9mie ; Caract\u00e9ristiques des \u00e9tudes cliniques en canc\u00e9rologie ; Nouvelle approches th\u00e9rapeutiques ; D\u00e9veloppement des m\u00e9dicaments anticanc\u00e9reux : place et r\u00f4le de l\u2019industrie du m\u00e9dicament ; Anticoagulants ; Comment fonctionne un bureau d\u2019\u00e9tudes cliniques ; Utilisation de cellules souches en th\u00e9rapeutique : de la recherche fondamentale \u00e0 la realisation d&rsquo;un essai clinique : exemple de l&rsquo;essai clinique \u00a0\u00bb A cell dream \u00a0\u00bb ; Anti-hypertenseurs ; Insuffisance cardiaque ; Nouvelle approches th\u00e9rapeutiques ; Exemples de d\u00e9veloppement de mol\u00e9cules anticanc\u00e9reuses ; Gestions des centres de ressources biologiques ; Anticoronariens ; Produire les documents n\u00e9cessaires pour obtenir une AMM en France : CPP et Afssaps &#8211; Travaux Dirig\u00e9s<\/p>\n","protected":false},"excerpt":{"rendered":"<p>UE O1 : Mod\u00e9lisation en pharmacocin\u00e9tique \u2014\u00a076 h, 9 ECTS \u2014\u00a0Validation analytique, Bonnes Pratiques de Laboratoire ; Validation analytique : courbe de calibration ; \u2014\u00a0Math\u00e9matiques appliqu\u00e9es \u00e0 la pharmacocin\u00e9tique ; Introduction \u00e0 la mod\u00e9lisation ; Mod\u00e8les lin\u00e9aires ; La r\u00e9gression &hellip; <a href=\"https:\/\/physiologie.envt.fr\/masterpharmaco\/contenus-des-ue-optionnelles\/\">Continuer la lecture <span class=\"meta-nav\">&rarr;<\/span><\/a><\/p>\n","protected":false},"author":1,"featured_media":0,"parent":0,"menu_order":0,"comment_status":"closed","ping_status":"closed","template":"","meta":{"footnotes":""},"class_list":["post-21","page","type-page","status-publish","hentry"],"_links":{"self":[{"href":"https:\/\/physiologie.envt.fr\/masterpharmaco\/wp-json\/wp\/v2\/pages\/21","targetHints":{"allow":["GET"]}}],"collection":[{"href":"https:\/\/physiologie.envt.fr\/masterpharmaco\/wp-json\/wp\/v2\/pages"}],"about":[{"href":"https:\/\/physiologie.envt.fr\/masterpharmaco\/wp-json\/wp\/v2\/types\/page"}],"author":[{"embeddable":true,"href":"https:\/\/physiologie.envt.fr\/masterpharmaco\/wp-json\/wp\/v2\/users\/1"}],"replies":[{"embeddable":true,"href":"https:\/\/physiologie.envt.fr\/masterpharmaco\/wp-json\/wp\/v2\/comments?post=21"}],"version-history":[{"count":0,"href":"https:\/\/physiologie.envt.fr\/masterpharmaco\/wp-json\/wp\/v2\/pages\/21\/revisions"}],"wp:attachment":[{"href":"https:\/\/physiologie.envt.fr\/masterpharmaco\/wp-json\/wp\/v2\/media?parent=21"}],"curies":[{"name":"wp","href":"https:\/\/api.w.org\/{rel}","templated":true}]}}