{"id":20,"date":"2007-12-06T21:49:09","date_gmt":"2007-12-06T20:49:09","guid":{"rendered":"http:\/\/physiologie.envt.fr\/masterpharmaco\/parcours-d-u\/"},"modified":"2017-06-19T09:16:39","modified_gmt":"2017-06-19T07:16:39","slug":"parcours-d-u","status":"publish","type":"page","link":"https:\/\/physiologie.envt.fr\/masterpharmaco\/parcours-d-u\/","title":{"rendered":"Parcours D.U."},"content":{"rendered":"<p><strong>Dates et lieux des \u00e9preuves<\/strong><br \/>\n<em>Mardi 04 mars 2008<\/em> : Facult\u00e9 de Pharmacie, coque D, salle 18<br \/>\n\u2014\u00a0Matin : \u00e9preuve th\u00e9orique (3h)<br \/>\n\u2014\u00a0Apr\u00e8s-midi : \u00e9preuve pratique (3h)<br \/>\n<em>Mercredi 05 mars 2008<\/em> : Facult\u00e9 de Pharmacie, coque D, salle 18<br \/>\n\u2014\u00a0Matin : \u00e9preuve orale<\/p>\n<p><strong>Modalit\u00e9s des \u00e9preuves<\/strong><br \/>\nEpreuve th\u00e9orique&#8230;<br \/>\nEpreuve pratique<br \/>\n\u2014\u00a0Vous aurez besoin d&rsquo;un ordinateur portable muni du tableur Excel<br \/>\n\u2014\u00a0Les documents sont autoris\u00e9s<\/p>\n","protected":false},"excerpt":{"rendered":"<p>Dates et lieux des \u00e9preuves Mardi 04 mars 2008 : Facult\u00e9 de Pharmacie, coque D, salle 18 \u2014\u00a0Matin : \u00e9preuve th\u00e9orique (3h) \u2014\u00a0Apr\u00e8s-midi : \u00e9preuve pratique (3h) Mercredi 05 mars 2008 : Facult\u00e9 de Pharmacie, coque D, salle 18 \u2014\u00a0Matin &hellip; <a href=\"https:\/\/physiologie.envt.fr\/masterpharmaco\/parcours-d-u\/\">Continuer la lecture <span class=\"meta-nav\">&rarr;<\/span><\/a><\/p>\n","protected":false},"author":1,"featured_media":0,"parent":0,"menu_order":0,"comment_status":"closed","ping_status":"closed","template":"","meta":{"footnotes":""},"class_list":["post-20","page","type-page","status-publish","hentry"],"_links":{"self":[{"href":"https:\/\/physiologie.envt.fr\/masterpharmaco\/wp-json\/wp\/v2\/pages\/20","targetHints":{"allow":["GET"]}}],"collection":[{"href":"https:\/\/physiologie.envt.fr\/masterpharmaco\/wp-json\/wp\/v2\/pages"}],"about":[{"href":"https:\/\/physiologie.envt.fr\/masterpharmaco\/wp-json\/wp\/v2\/types\/page"}],"author":[{"embeddable":true,"href":"https:\/\/physiologie.envt.fr\/masterpharmaco\/wp-json\/wp\/v2\/users\/1"}],"replies":[{"embeddable":true,"href":"https:\/\/physiologie.envt.fr\/masterpharmaco\/wp-json\/wp\/v2\/comments?post=20"}],"version-history":[{"count":0,"href":"https:\/\/physiologie.envt.fr\/masterpharmaco\/wp-json\/wp\/v2\/pages\/20\/revisions"}],"wp:attachment":[{"href":"https:\/\/physiologie.envt.fr\/masterpharmaco\/wp-json\/wp\/v2\/media?parent=20"}],"curies":[{"name":"wp","href":"https:\/\/api.w.org\/{rel}","templated":true}]}}